{"id":215,"date":"2022-03-28T13:21:23","date_gmt":"2022-03-28T13:21:23","guid":{"rendered":"https:\/\/tees.onlinevagyok.com\/?page_id=215"},"modified":"2022-04-08T08:48:21","modified_gmt":"2022-04-08T08:48:21","slug":"rolunk","status":"publish","type":"page","link":"https:\/\/tees.onlinevagyok.com\/en\/rolunk\/","title":{"rendered":"R\u00f3lunk"},"content":{"rendered":"<div data-elementor-type=\"wp-page\" data-elementor-id=\"215\" class=\"elementor elementor-215\" data-elementor-post-type=\"page\">\n\t\t\t\t\t\t<section class=\"elementor-section elementor-top-section elementor-element elementor-element-f15ca51 elementor-section-boxed elementor-section-height-default elementor-section-height-default\" data-id=\"f15ca51\" data-element_type=\"section\">\n\t\t\t\t\t\t<div class=\"elementor-container elementor-column-gap-default\">\n\t\t\t\t\t<div class=\"elementor-column elementor-col-100 elementor-top-column elementor-element elementor-element-783369b\" data-id=\"783369b\" data-element_type=\"column\">\n\t\t\t<div class=\"elementor-widget-wrap elementor-element-populated\">\n\t\t\t\t\t\t<div class=\"elementor-element elementor-element-3e00bed elementor-widget elementor-widget-heading\" data-id=\"3e00bed\" data-element_type=\"widget\" data-widget_type=\"heading.default\">\n\t\t\t\t<div class=\"elementor-widget-container\">\n\t\t\t<style>\/*! elementor - v3.21.0 - 26-05-2024 *\/\n.elementor-heading-title{padding:0;margin:0;line-height:1}.elementor-widget-heading .elementor-heading-title[class*=elementor-size-]>a{color:inherit;font-size:inherit;line-height:inherit}.elementor-widget-heading .elementor-heading-title.elementor-size-small{font-size:15px}.elementor-widget-heading .elementor-heading-title.elementor-size-medium{font-size:19px}.elementor-widget-heading .elementor-heading-title.elementor-size-large{font-size:29px}.elementor-widget-heading .elementor-heading-title.elementor-size-xl{font-size:39px}.elementor-widget-heading .elementor-heading-title.elementor-size-xxl{font-size:59px}<\/style><h2 class=\"elementor-heading-title elementor-size-default\">R\u00d3LUNK<\/h2>\t\t<\/div>\n\t\t\t\t<\/div>\n\t\t\t\t<div class=\"elementor-element elementor-element-e743ad5 strokeme elementor-widget elementor-widget-heading\" data-id=\"e743ad5\" data-element_type=\"widget\" data-widget_type=\"heading.default\">\n\t\t\t\t<div class=\"elementor-widget-container\">\n\t\t\t<h2 class=\"elementor-heading-title elementor-size-default\">R\u00d3LUNK<\/h2>\t\t<\/div>\n\t\t\t\t<\/div>\n\t\t\t\t<div class=\"elementor-element elementor-element-5d0fc4d elementor-widget elementor-widget-text-editor\" data-id=\"5d0fc4d\" data-element_type=\"widget\" data-widget_type=\"text-editor.default\">\n\t\t\t\t<div class=\"elementor-widget-container\">\n\t\t\t<style>\/*! elementor - v3.21.0 - 26-05-2024 *\/\n.elementor-widget-text-editor.elementor-drop-cap-view-stacked .elementor-drop-cap{background-color:#69727d;color:#fff}.elementor-widget-text-editor.elementor-drop-cap-view-framed .elementor-drop-cap{color:#69727d;border:3px solid;background-color:transparent}.elementor-widget-text-editor:not(.elementor-drop-cap-view-default) .elementor-drop-cap{margin-top:8px}.elementor-widget-text-editor:not(.elementor-drop-cap-view-default) .elementor-drop-cap-letter{width:1em;height:1em}.elementor-widget-text-editor .elementor-drop-cap{float:left;text-align:center;line-height:1;font-size:50px}.elementor-widget-text-editor .elementor-drop-cap-letter{display:inline-block}<\/style>\t\t\t\t<p><strong>Prom\u00f3ci\u00f3s-, szabadid\u0151- \u00e9s munkaruh\u00e1zat 30 \u00e9v tapasztalat\u00e1val<\/strong><\/p><p>A polonagyker.hu n\u00e9v m\u00f6g\u00f6tt \u00e1ll\u00f3 R\u00f3nasz\u00e9ki \u00e9s T\u00e1rsa Kft. \u00f6sszetart\u00f3 csapatak\u00e9nt imm\u00e1ron 30 \u00e9ve nap mint nap az\u00e9rt dolgozunk, hogy <strong>viszontelad\u00f3ink \u00e1ruell\u00e1t\u00e1s\u00e1hoz biztos h\u00e1tteret tudjunk ny\u00fajtani.<\/strong><\/p><p>A hazai c\u00e9geknek, int\u00e9zm\u00e9nyeknek, t\u00e1rsadalmi szervezeteknek, zenekaroknak \u00e9s sportkluboknak min\u0151s\u00e9gi prom\u00f3ci\u00f3s- szabadid\u0151-<br \/>\u00e9s munkaruh\u00e1zati term\u00e9keket k\u00e9sz\u00edt\u00fcnk.<\/p><p>Term\u00e9keink t\u00f6bbs\u00e9g\u00e9t log\u00f3z\u00e1s n\u00e9lk\u00fcl \u00e9rt\u00e9kes\u00edtj\u00fck,<strong> de szitanyom\u00e1st, transzfernyom\u00e1st \u00e9s h\u00edmz\u00e9st is v\u00e1llalunk.<\/strong><\/p>\t\t\t\t\t\t<\/div>\n\t\t\t\t<\/div>\n\t\t\t\t<div class=\"elementor-element elementor-element-8139fe5 elementor-widget__width-initial elementor-absolute elementor-hidden-mobile elementor-widget elementor-widget-image\" data-id=\"8139fe5\" data-element_type=\"widget\" data-settings=\"{&quot;_position&quot;:&quot;absolute&quot;}\" data-widget_type=\"image.default\">\n\t\t\t\t<div class=\"elementor-widget-container\">\n\t\t\t<style>\/*! elementor - v3.21.0 - 26-05-2024 *\/\n.elementor-widget-image{text-align:center}.elementor-widget-image a{display:inline-block}.elementor-widget-image a img[src$=\".svg\"]{width:48px}.elementor-widget-image img{vertical-align:middle;display:inline-block}<\/style>\t\t\t\t\t\t\t\t\t\t<img decoding=\"async\" width=\"208\" height=\"169\" src=\"https:\/\/tees.onlinevagyok.com\/wp-content\/uploads\/2022\/03\/nyilak3.png\" class=\"attachment-large size-large wp-image-202\" alt=\"\" \/>\t\t\t\t\t\t\t\t\t\t\t\t\t<\/div>\n\t\t\t\t<\/div>\n\t\t\t\t\t<\/div>\n\t\t<\/div>\n\t\t\t\t\t<\/div>\n\t\t<\/section>\n\t\t\t\t<section class=\"elementor-section elementor-top-section elementor-element elementor-element-a6d5776 elementor-section-boxed elementor-section-height-default elementor-section-height-default\" data-id=\"a6d5776\" data-element_type=\"section\" data-settings=\"{&quot;background_background&quot;:&quot;classic&quot;}\">\n\t\t\t\t\t\t<div class=\"elementor-container elementor-column-gap-default\">\n\t\t\t\t\t<div class=\"elementor-column elementor-col-100 elementor-top-column elementor-element elementor-element-71a4b0f\" data-id=\"71a4b0f\" data-element_type=\"column\">\n\t\t\t<div class=\"elementor-widget-wrap elementor-element-populated\">\n\t\t\t\t\t\t<section class=\"elementor-section elementor-inner-section elementor-element elementor-element-169968b elementor-section-boxed elementor-section-height-default elementor-section-height-default\" data-id=\"169968b\" data-element_type=\"section\">\n\t\t\t\t\t\t<div class=\"elementor-container elementor-column-gap-default\">\n\t\t\t\t\t<div class=\"elementor-column elementor-col-100 elementor-inner-column elementor-element elementor-element-da4f3fe\" data-id=\"da4f3fe\" data-element_type=\"column\" data-settings=\"{&quot;background_background&quot;:&quot;classic&quot;}\">\n\t\t\t<div class=\"elementor-widget-wrap elementor-element-populated\">\n\t\t\t\t\t\t<div class=\"elementor-element elementor-element-0144078 elementor-widget elementor-widget-text-editor\" data-id=\"0144078\" data-element_type=\"widget\" data-widget_type=\"text-editor.default\">\n\t\t\t\t<div class=\"elementor-widget-container\">\n\t\t\t\t\t\t\t<p>Ruh\u00e1zati term\u00e9kek \u00e9s kieg\u00e9sz\u00edt\u0151k sz\u00e9les v\u00e1laszt\u00e9ka<\/p><p>Hagyom\u00e1nyos \u00e9s pr\u00e9mium min\u0151s\u00e9g\u0171 ruh\u00e1zati term\u00e9keinket nemzetk\u00f6zileg elismert gy\u00e1rt\u00f3kt\u00f3l, komoly sz\u0171r\u00e9si szempontok alapj\u00e1n v\u00e1lasztjuk ki. Ez\u00e1ltal tudjuk ugyanis biztos\u00edtani a v\u00e1s\u00e1rl\u00f3ink, \u00edgy az \u00f6n sz\u00e1m\u00e1ra is a k\u00edn\u00e1latunkban megtal\u00e1lhat\u00f3 p\u00f3l\u00f3k, gall\u00e9ros p\u00f3l\u00f3k, mell\u00e9nyek, ingek, kab\u00e1tok, softshell kab\u00e1tok, nadr\u00e1gok, als\u00f3nem\u0171k, sapk\u00e1k, t\u00e1sk\u00e1k \u00e9s egy\u00e9b kieg\u00e9sz\u00edt\u0151k kimagasl\u00f3 min\u0151s\u00e9g\u00e9t.<\/p>\t\t\t\t\t\t<\/div>\n\t\t\t\t<\/div>\n\t\t\t\t\t<\/div>\n\t\t<\/div>\n\t\t\t\t\t<\/div>\n\t\t<\/section>\n\t\t\t\t\t<\/div>\n\t\t<\/div>\n\t\t\t\t\t<\/div>\n\t\t<\/section>\n\t\t\t\t<section class=\"elementor-section elementor-top-section elementor-element elementor-element-c604980 elementor-section-boxed elementor-section-height-default elementor-section-height-default\" data-id=\"c604980\" data-element_type=\"section\" data-settings=\"{&quot;background_background&quot;:&quot;classic&quot;}\">\n\t\t\t\t\t\t<div class=\"elementor-container elementor-column-gap-default\">\n\t\t\t\t\t<div class=\"elementor-column elementor-col-100 elementor-top-column elementor-element elementor-element-d85265e\" data-id=\"d85265e\" data-element_type=\"column\">\n\t\t\t<div class=\"elementor-widget-wrap elementor-element-populated\">\n\t\t\t\t\t\t<section class=\"elementor-section elementor-inner-section elementor-element elementor-element-b7faa95 elementor-section-boxed elementor-section-height-default elementor-section-height-default\" data-id=\"b7faa95\" data-element_type=\"section\">\n\t\t\t\t\t\t<div class=\"elementor-container elementor-column-gap-default\">\n\t\t\t\t\t<div class=\"elementor-column elementor-col-100 elementor-inner-column elementor-element elementor-element-6b80980\" data-id=\"6b80980\" data-element_type=\"column\" data-settings=\"{&quot;background_background&quot;:&quot;classic&quot;}\">\n\t\t\t<div class=\"elementor-widget-wrap elementor-element-populated\">\n\t\t\t\t\t\t<div class=\"elementor-element elementor-element-0d472ba elementor-widget elementor-widget-text-editor\" data-id=\"0d472ba\" data-element_type=\"widget\" data-widget_type=\"text-editor.default\">\n\t\t\t\t<div class=\"elementor-widget-container\">\n\t\t\t\t\t\t\t<p><strong>V\u00e1rjuk szeretettel bemutat\u00f3term\u00fcnkben!<\/strong><\/p><p>Szak\u00e9rt\u0151 koll\u00e9g\u00e1ink <strong>h\u00e9tf\u0151t\u0151l-p\u00e9ntekig (09:00-16:00)<\/strong> v\u00e1rj\u00e1k szeretettel bemutat\u00f3term\u00fcnkben, ahol minden k\u00e9szleten l\u00e9v\u0151 term\u00e9k\u00fcnk megtekinthet\u0151, valamint v\u00e1laszt kaphat az embl\u00e9m\u00e1z\u00e1ssal kapcsolatban felmer\u00fcl\u0151 k\u00e9rd\u00e9seire is.<\/p>\t\t\t\t\t\t<\/div>\n\t\t\t\t<\/div>\n\t\t\t\t<div class=\"elementor-element elementor-element-1e5bb2d elementor-widget__width-initial elementor-absolute elementor-widget elementor-widget-image\" data-id=\"1e5bb2d\" data-element_type=\"widget\" data-settings=\"{&quot;_position&quot;:&quot;absolute&quot;}\" data-widget_type=\"image.default\">\n\t\t\t\t<div class=\"elementor-widget-container\">\n\t\t\t\t\t\t\t\t\t\t\t\t\t<img fetchpriority=\"high\" decoding=\"async\" width=\"549\" height=\"488\" src=\"https:\/\/tees.onlinevagyok.com\/wp-content\/uploads\/2022\/03\/buttons-on-cloth-2021-08-26-16-26-11-utc.png\" class=\"attachment-large size-large wp-image-183\" alt=\"\" srcset=\"https:\/\/tees.onlinevagyok.com\/wp-content\/uploads\/2022\/03\/buttons-on-cloth-2021-08-26-16-26-11-utc.png 549w, https:\/\/tees.onlinevagyok.com\/wp-content\/uploads\/2022\/03\/buttons-on-cloth-2021-08-26-16-26-11-utc-300x267.png 300w\" sizes=\"(max-width: 549px) 100vw, 549px\" \/>\t\t\t\t\t\t\t\t\t\t\t\t\t<\/div>\n\t\t\t\t<\/div>\n\t\t\t\t\t<\/div>\n\t\t<\/div>\n\t\t\t\t\t<\/div>\n\t\t<\/section>\n\t\t\t\t\t<\/div>\n\t\t<\/div>\n\t\t\t\t\t<\/div>\n\t\t<\/section>\n\t\t\t\t<section class=\"elementor-section elementor-top-section elementor-element elementor-element-24b9c08 elementor-section-boxed elementor-section-height-default elementor-section-height-default\" data-id=\"24b9c08\" data-element_type=\"section\" data-settings=\"{&quot;background_background&quot;:&quot;classic&quot;}\">\n\t\t\t\t\t\t<div class=\"elementor-container elementor-column-gap-default\">\n\t\t\t\t\t<div class=\"elementor-column elementor-col-100 elementor-top-column elementor-element elementor-element-35fcab5\" data-id=\"35fcab5\" data-element_type=\"column\">\n\t\t\t<div class=\"elementor-widget-wrap elementor-element-populated\">\n\t\t\t\t\t\t<div class=\"elementor-element elementor-element-7979f89 elementor-widget elementor-widget-spacer\" data-id=\"7979f89\" data-element_type=\"widget\" data-widget_type=\"spacer.default\">\n\t\t\t\t<div class=\"elementor-widget-container\">\n\t\t\t<style>\/*! elementor - v3.21.0 - 26-05-2024 *\/\n.elementor-column .elementor-spacer-inner{height:var(--spacer-size)}.e-con{--container-widget-width:100%}.e-con-inner>.elementor-widget-spacer,.e-con>.elementor-widget-spacer{width:var(--container-widget-width,var(--spacer-size));--align-self:var(--container-widget-align-self,initial);--flex-shrink:0}.e-con-inner>.elementor-widget-spacer>.elementor-widget-container,.e-con>.elementor-widget-spacer>.elementor-widget-container{height:100%;width:100%}.e-con-inner>.elementor-widget-spacer>.elementor-widget-container>.elementor-spacer,.e-con>.elementor-widget-spacer>.elementor-widget-container>.elementor-spacer{height:100%}.e-con-inner>.elementor-widget-spacer>.elementor-widget-container>.elementor-spacer>.elementor-spacer-inner,.e-con>.elementor-widget-spacer>.elementor-widget-container>.elementor-spacer>.elementor-spacer-inner{height:var(--container-widget-height,var(--spacer-size))}.e-con-inner>.elementor-widget-spacer.elementor-widget-empty,.e-con>.elementor-widget-spacer.elementor-widget-empty{position:relative;min-height:22px;min-width:22px}.e-con-inner>.elementor-widget-spacer.elementor-widget-empty .elementor-widget-empty-icon,.e-con>.elementor-widget-spacer.elementor-widget-empty .elementor-widget-empty-icon{position:absolute;top:0;bottom:0;left:0;right:0;margin:auto;padding:0;width:22px;height:22px}<\/style>\t\t<div class=\"elementor-spacer\">\n\t\t\t<div class=\"elementor-spacer-inner\"><\/div>\n\t\t<\/div>\n\t\t\t\t<\/div>\n\t\t\t\t<\/div>\n\t\t\t\t\t<\/div>\n\t\t<\/div>\n\t\t\t\t\t<\/div>\n\t\t<\/section>\n\t\t\t\t<section class=\"elementor-section elementor-top-section elementor-element elementor-element-2c2c000 elementor-section-boxed elementor-section-height-default elementor-section-height-default\" data-id=\"2c2c000\" data-element_type=\"section\">\n\t\t\t\t\t\t<div class=\"elementor-container elementor-column-gap-default\">\n\t\t\t\t\t<div class=\"elementor-column elementor-col-100 elementor-top-column elementor-element elementor-element-eb8f9af\" data-id=\"eb8f9af\" data-element_type=\"column\" data-settings=\"{&quot;background_background&quot;:&quot;classic&quot;}\">\n\t\t\t<div class=\"elementor-widget-wrap elementor-element-populated\">\n\t\t\t\t\t\t<div class=\"elementor-element elementor-element-c1e8194 elementor-widget elementor-widget-text-editor\" data-id=\"c1e8194\" data-element_type=\"widget\" data-widget_type=\"text-editor.default\">\n\t\t\t\t<div class=\"elementor-widget-container\">\n\t\t\t\t\t\t\t<p><strong>Csatlakozzon \u00f6n is el\u00e9gedett v\u00e1s\u00e1rl\u00f3inkhoz!<\/strong><\/p><p>El\u00e9gedett v\u00e1s\u00e1rl\u00f3ink k\u00f6z\u00f6tt szitanyom\u00f3k, h\u00edmz\u0151k, munkaruh\u00e1zati c\u00e9gek, rekl\u00e1m\u00fcgyn\u00f6ks\u00e9gek, aj\u00e1nd\u00e9kt\u00e1rgy forgalmaz\u00f3k \u00e9s divatc\u00e9gek is megtal\u00e1lhat\u00f3k.<\/p><p>Ezen fel\u00fcl kis- \u00e9s k\u00f6z\u00e9pv\u00e1llalkoz\u00e1sok, nagyv\u00e1llalatok, multinacion\u00e1lis c\u00e9gek, oktat\u00e1si int\u00e9zm\u00e9nyek, t\u00e1rsadalmi szervezetek, zenekarok, sportklubok \u00e9s \u00f6nkorm\u00e1nyzatok \u00e9s mag\u00e1nszem\u00e9lyek r\u00e9sz\u00e9re is \u00e9rt\u00e9kes\u00edtj\u00fck term\u00e9keinket.<\/p><p>Sz\u00edvb\u0151l rem\u00e9lj\u00fck, hogy hamarosan <strong>\u00d6nt<\/strong> is v\u00e1s\u00e1rl\u00f3ink k\u00f6r\u00e9ben \u00fcdv\u00f6z\u00f6lhetj\u00fck!<\/p>\t\t\t\t\t\t<\/div>\n\t\t\t\t<\/div>\n\t\t\t\t<div class=\"elementor-element elementor-element-198cac7 elementor-widget__width-initial elementor-absolute elementor-widget elementor-widget-image\" data-id=\"198cac7\" data-element_type=\"widget\" data-settings=\"{&quot;_position&quot;:&quot;absolute&quot;}\" data-widget_type=\"image.default\">\n\t\t\t\t<div class=\"elementor-widget-container\">\n\t\t\t\t\t\t\t\t\t\t\t\t\t<img decoding=\"async\" width=\"208\" height=\"169\" src=\"https:\/\/tees.onlinevagyok.com\/wp-content\/uploads\/2022\/03\/nyilak2.jpg\" class=\"attachment-large size-large wp-image-198\" alt=\"\" \/>\t\t\t\t\t\t\t\t\t\t\t\t\t<\/div>\n\t\t\t\t<\/div>\n\t\t\t\t\t<\/div>\n\t\t<\/div>\n\t\t\t\t\t<\/div>\n\t\t<\/section>\n\t\t\t\t<\/div>","protected":false},"excerpt":{"rendered":"<p>R\u00d3LUNK R\u00d3LUNK Prom\u00f3ci\u00f3s-, szabadid\u0151- \u00e9s munkaruh\u00e1zat 30 \u00e9v tapasztalat\u00e1val A polonagyker.hu n\u00e9v m\u00f6g\u00f6tt \u00e1ll\u00f3 R\u00f3nasz\u00e9ki \u00e9s T\u00e1rsa Kft. \u00f6sszetart\u00f3 csapatak\u00e9nt imm\u00e1ron 30 \u00e9ve nap mint nap az\u00e9rt dolgozunk, hogy viszontelad\u00f3ink \u00e1ruell\u00e1t\u00e1s\u00e1hoz biztos h\u00e1tteret tudjunk ny\u00fajtani. A hazai c\u00e9geknek, int\u00e9zm\u00e9nyeknek, t\u00e1rsadalmi szervezeteknek, zenekaroknak \u00e9s sportkluboknak min\u0151s\u00e9gi prom\u00f3ci\u00f3s- szabadid\u0151-\u00e9s munkaruh\u00e1zati term\u00e9keket k\u00e9sz\u00edt\u00fcnk. Term\u00e9keink t\u00f6bbs\u00e9g\u00e9t log\u00f3z\u00e1s n\u00e9lk\u00fcl \u00e9rt\u00e9kes\u00edtj\u00fck, &#8230; <a title=\"R\u00f3lunk\" class=\"read-more\" href=\"https:\/\/tees.onlinevagyok.com\/en\/rolunk\/\" aria-label=\"Read more about R\u00f3lunk\">Read more<\/a><\/p>","protected":false},"author":2,"featured_media":0,"parent":0,"menu_order":0,"comment_status":"closed","ping_status":"closed","template":"elementor_header_footer","meta":{"footnotes":""},"class_list":null,"_links":{"self":[{"href":"https:\/\/tees.onlinevagyok.com\/en\/wp-json\/wp\/v2\/pages\/215","targetHints":{"allow":["GET"]}}],"collection":[{"href":"https:\/\/tees.onlinevagyok.com\/en\/wp-json\/wp\/v2\/pages"}],"about":[{"href":"https:\/\/tees.onlinevagyok.com\/en\/wp-json\/wp\/v2\/types\/page"}],"author":[{"embeddable":true,"href":"https:\/\/tees.onlinevagyok.com\/en\/wp-json\/wp\/v2\/users\/2"}],"replies":[{"embeddable":true,"href":"https:\/\/tees.onlinevagyok.com\/en\/wp-json\/wp\/v2\/comments?post=215"}],"version-history":[{"count":24,"href":"https:\/\/tees.onlinevagyok.com\/en\/wp-json\/wp\/v2\/pages\/215\/revisions"}],"predecessor-version":[{"id":491,"href":"https:\/\/tees.onlinevagyok.com\/en\/wp-json\/wp\/v2\/pages\/215\/revisions\/491"}],"wp:attachment":[{"href":"https:\/\/tees.onlinevagyok.com\/en\/wp-json\/wp\/v2\/media?parent=215"}],"curies":[{"name":"wp","href":"https:\/\/api.w.org\/{rel}","templated":true}]}}